{"id":2,"date":"2020-01-01T09:20:22","date_gmt":"2020-01-01T08:20:22","guid":{"rendered":"http:\/\/fssolution.eu\/?page_id=2"},"modified":"2023-04-30T20:26:41","modified_gmt":"2023-04-30T18:26:41","slug":"contact","status":"publish","type":"page","link":"https:\/\/fssolution.eu\/index.php\/contact\/","title":{"rendered":"CONTACT"},"content":{"rendered":"\n<figure class=\"wp-block-image alignfull size-large\"><img loading=\"lazy\" width=\"1024\" height=\"685\" src=\"https:\/\/fssolution.eu\/wp-content\/uploads\/2020\/08\/trekking-299000_1920-1024x685.jpg\" alt=\"\" class=\"wp-image-15\" srcset=\"https:\/\/fssolution.eu\/wp-content\/uploads\/2020\/08\/trekking-299000_1920-1024x685.jpg 1024w, https:\/\/fssolution.eu\/wp-content\/uploads\/2020\/08\/trekking-299000_1920-300x201.jpg 300w, https:\/\/fssolution.eu\/wp-content\/uploads\/2020\/08\/trekking-299000_1920-768x514.jpg 768w, https:\/\/fssolution.eu\/wp-content\/uploads\/2020\/08\/trekking-299000_1920-1536x1028.jpg 1536w, https:\/\/fssolution.eu\/wp-content\/uploads\/2020\/08\/trekking-299000_1920.jpg 1920w\" sizes=\"(max-width: 1024px) 100vw, 1024px\" \/><\/figure>\n\n\n\n<div style=\"height:50px\" aria-hidden=\"true\" class=\"wp-block-spacer\"><\/div>\n\n\n\n<h1 class=\"has-text-align-center\">Do you want to join our partner network <br>and successfully use our protective solutions?<\/h1>\n\n\n\n<h3 class=\"has-text-align-center has-medium-gray-color has-text-color\">Chcesz do\u0142\u0105czy\u0107 do naszej sieci partner\u00f3w i korzysta\u0107 z sukcesem <br>z naszych system\u00f3w zabezpiecze\u0144?<\/h3>\n\n\n\n<h4 class=\"has-text-align-center\"><span class=\"has-inline-color has-yellow-color\">E-MAIL <br><\/span><span class=\"has-inline-color has-white-color\"><a href=\"mailto:office@FSsolution.eu\">office@FSsolution.eu<\/a><\/span><\/h4>\n\n\n\n<div style=\"height:100px\" aria-hidden=\"true\" class=\"wp-block-spacer\"><\/div>\n\n\n\n<p class=\"has-text-align-center\"><strong><span class=\"has-inline-color has-white-color\">FS Solution<\/span><\/strong><br>trademark of FIRMA Stopczyk<br><\/p>\n\n\n\n<p class=\"has-text-align-center\">Stokrotki 2, Lodz \/ Poland<br>VAT no. 947 181 81 30<\/p>\n","protected":false},"excerpt":{"rendered":"<p>Do you want to join our partner network and successfully use our protective solutions? Chcesz do\u0142\u0105czy\u0107 do naszej sieci partner\u00f3w i korzysta\u0107 z sukcesem z naszych system\u00f3w zabezpiecze\u0144? E-MAIL office@FSsolution.eu FS<\/p>\n<p class=\"more-link\"><a href=\"https:\/\/fssolution.eu\/index.php\/contact\/\" class=\"readmore\">Continue reading<svg class=\"icon icon-arrow-right\" aria-hidden=\"true\" role=\"img\"> <use href=\"#icon-arrow-right\" xlink:href=\"#icon-arrow-right\"><\/use> <\/svg><span class=\"screen-reader-text\">CONTACT<\/span><\/a><\/p>\n","protected":false},"author":1,"featured_media":0,"parent":0,"menu_order":0,"comment_status":"closed","ping_status":"closed","template":"","meta":[],"_links":{"self":[{"href":"https:\/\/fssolution.eu\/index.php\/wp-json\/wp\/v2\/pages\/2"}],"collection":[{"href":"https:\/\/fssolution.eu\/index.php\/wp-json\/wp\/v2\/pages"}],"about":[{"href":"https:\/\/fssolution.eu\/index.php\/wp-json\/wp\/v2\/types\/page"}],"author":[{"embeddable":true,"href":"https:\/\/fssolution.eu\/index.php\/wp-json\/wp\/v2\/users\/1"}],"replies":[{"embeddable":true,"href":"https:\/\/fssolution.eu\/index.php\/wp-json\/wp\/v2\/comments?post=2"}],"version-history":[{"count":10,"href":"https:\/\/fssolution.eu\/index.php\/wp-json\/wp\/v2\/pages\/2\/revisions"}],"predecessor-version":[{"id":312,"href":"https:\/\/fssolution.eu\/index.php\/wp-json\/wp\/v2\/pages\/2\/revisions\/312"}],"wp:attachment":[{"href":"https:\/\/fssolution.eu\/index.php\/wp-json\/wp\/v2\/media?parent=2"}],"curies":[{"name":"wp","href":"https:\/\/api.w.org\/{rel}","templated":true}]}}